{"id":860,"date":"2013-04-13T18:06:22","date_gmt":"2013-04-13T16:06:22","guid":{"rendered":"https:\/\/famindenit.com\/?page_id=860"},"modified":"2013-10-25T13:34:35","modified_gmt":"2013-10-25T11:34:35","slug":"privacy-policy","status":"publish","type":"page","link":"https:\/\/famindenit.com\/en\/privacy-policy\/","title":{"rendered":"Data protection policy"},"content":{"rendered":"<h2>Principle<\/h2>\n<p><strong> L\u00e1szl\u00f3 <strong>Czegle <\/strong>craftsman and folk artist <\/strong>(famindenit.com) respects all the personal rights of visitors to the site. I will use any data obtained through the website primarily in relation to services you request, to purchases or information, as well as more efficient product development and diasgnosis of needs.<\/p>\n<h2>Company data:<\/h2>\n<ul>\n<li><span style=\"line-height: 1.714285714; font-size: 1rem;\">&#8220;famindenit.com&#8221; website is operated and owned by: L\u00e1szl\u00f3 Czegle n\u00e9pi iparm\u0171v\u00e9sz e.v.<\/span><\/li>\n<li><span style=\"line-height: 1.714285714; font-size: 1rem;\">Company number: 05399210<\/span><\/li>\n<li><span style=\"line-height: 1.714285714; font-size: 1rem;\">Tax number: 58215045-1-25<\/span><\/li>\n<li><span style=\"line-height: 1.714285714; font-size: 1rem;\">Statistic number: 58215045162923105<\/span><\/li>\n<li><span style=\"line-height: 1.714285714; font-size: 1rem;\">Address: 3932 Erd\u0151b\u00e9nye M\u00e1ty\u00e1s K.42. (Hungary)<\/span><\/li>\n<li><span style=\"line-height: 1.714285714; font-size: 1rem;\">E-mail address: info@famindenit.com<\/span><\/li>\n<\/ul>\n<p>I would like to draw your attention to the fact that giving of information is voluntary. You are always entitled to request correction or deletion of data you have provided, or to request information about how it is treated. Please write to L\u00e1szl\u00f3 Czegle 3932 Erd\u0151b\u00e9nye M\u00e1ty\u00e1s k.42. or email info@famindenit.com.<br \/>\nI do not accept responsibility for the validity of data.<\/p>\n<p>In accordance with the relevant Hungarian law, by registering on the www.famindenit.com website, subscribing to the newsletter, or sending an order, you agree to www.famindenit.com using your data in accordance with legal requirements. L\u00e1szl\u00f3 Czegle undertakes to protect the security of the data and to take all technical precautions necessary to protect the data so it is not destroyed nor does it pass into another&#8217;s hands nor is it used or changed without legal entitlement. He also undertakes to inform any third party to whom the data is given (for example courier) about their legal duties in this respect. L\u00e1szl\u00f3 Czegle is not responsible for handling data that is collected: name, address, email address, telephone if the data passes into the hands of someone not authorised or it is destroyed as the result of a software problem, hardware problem, hacker or other unavoidable vis-major reason. In all cases Hungarian law shall prevail.<\/p>\n<p>If you would like any information concerning data protection, you may write to the above postal or email address.<\/p>\n<p>The written and picture content of the website www.famindenit.com is the exclusive intellectual property of L\u00e1szl\u00f3 Czegle.<br \/>\nUse of any part or portion of the content of the website is forbidden, even as a quote, without the prior written permission of the owner.<\/p>\n<p>Data Protection Registry\/Register Number: in process&#8230;<\/p>\n","protected":false},"excerpt":{"rendered":"<p>Principle L\u00e1szl\u00f3 Czegle craftsman and folk artist (famindenit.com) respects all the personal rights of visitors to the site. I will use any data obtained through the website primarily in relation to services you request, to purchases or information, as well as more efficient product development and diasgnosis of needs. Company data: &#8220;famindenit.com&#8221; website is operated [&hellip;]<\/p>\n","protected":false},"author":2,"featured_media":0,"parent":0,"menu_order":0,"comment_status":"closed","ping_status":"closed","template":"","meta":{"ngg_post_thumbnail":0,"footnotes":""},"class_list":["post-860","page","type-page","status-publish","hentry"],"_links":{"self":[{"href":"https:\/\/famindenit.com\/en\/wp-json\/wp\/v2\/pages\/860","targetHints":{"allow":["GET"]}}],"collection":[{"href":"https:\/\/famindenit.com\/en\/wp-json\/wp\/v2\/pages"}],"about":[{"href":"https:\/\/famindenit.com\/en\/wp-json\/wp\/v2\/types\/page"}],"author":[{"embeddable":true,"href":"https:\/\/famindenit.com\/en\/wp-json\/wp\/v2\/users\/2"}],"replies":[{"embeddable":true,"href":"https:\/\/famindenit.com\/en\/wp-json\/wp\/v2\/comments?post=860"}],"version-history":[{"count":0,"href":"https:\/\/famindenit.com\/en\/wp-json\/wp\/v2\/pages\/860\/revisions"}],"wp:attachment":[{"href":"https:\/\/famindenit.com\/en\/wp-json\/wp\/v2\/media?parent=860"}],"curies":[{"name":"wp","href":"https:\/\/api.w.org\/{rel}","templated":true}]}}