{"id":854,"date":"2013-04-18T15:49:09","date_gmt":"2013-04-18T13:49:09","guid":{"rendered":"https:\/\/famindenit.com\/?page_id=854"},"modified":"2018-12-07T13:27:06","modified_gmt":"2018-12-07T12:27:06","slug":"wooden-carousel","status":"publish","type":"page","link":"https:\/\/famindenit.com\/en\/wooden-carousel\/","title":{"rendered":"Wooden carousel"},"content":{"rendered":"<p><span style=\"line-height: 1.714285714; font-size: 1rem;\">I designed and created this traditional carousel which has willow baskets and is driven by hand. The carousel satisifies the strictest safety requirements, as is supported by the T\u00dcV-St\u00fcd safety permit that is valid throughout Europe.<\/span><\/p>\n<h2>The carousel <a title=\"Fak\u00f6rhinta b\u00e9rl\u00e9s\" href=\"https:\/\/famindenit.com\/en\/rent-the-wooden-carousel\/\">can be rented<\/a> or <a title=\"Fak\u00f6rhinta rendel\u00e9se\" href=\"https:\/\/famindenit.com\/en\/order-the-wooden-carousel\/\">ordered<\/a><\/h2>\n<p><iframe loading=\"lazy\" src=\"https:\/\/www.youtube.com\/embed\/hd6ZhVd3aE8\" height=\"420\" width=\"100%\" allowfullscreen=\"\" frameborder=\"0\"><\/iframe><\/p>\n","protected":false},"excerpt":{"rendered":"<p>I designed and created this traditional carousel which has willow baskets and is driven by hand. The carousel satisifies the strictest safety requirements, as is supported by the T\u00dcV-St\u00fcd safety permit that is valid throughout Europe. The carousel can be rented or ordered<\/p>\n","protected":false},"author":2,"featured_media":0,"parent":0,"menu_order":0,"comment_status":"closed","ping_status":"closed","template":"","meta":{"ngg_post_thumbnail":0,"footnotes":""},"class_list":["post-854","page","type-page","status-publish","hentry"],"_links":{"self":[{"href":"https:\/\/famindenit.com\/en\/wp-json\/wp\/v2\/pages\/854","targetHints":{"allow":["GET"]}}],"collection":[{"href":"https:\/\/famindenit.com\/en\/wp-json\/wp\/v2\/pages"}],"about":[{"href":"https:\/\/famindenit.com\/en\/wp-json\/wp\/v2\/types\/page"}],"author":[{"embeddable":true,"href":"https:\/\/famindenit.com\/en\/wp-json\/wp\/v2\/users\/2"}],"replies":[{"embeddable":true,"href":"https:\/\/famindenit.com\/en\/wp-json\/wp\/v2\/comments?post=854"}],"version-history":[{"count":0,"href":"https:\/\/famindenit.com\/en\/wp-json\/wp\/v2\/pages\/854\/revisions"}],"wp:attachment":[{"href":"https:\/\/famindenit.com\/en\/wp-json\/wp\/v2\/media?parent=854"}],"curies":[{"name":"wp","href":"https:\/\/api.w.org\/{rel}","templated":true}]}}