{"id":849,"date":"2013-04-30T16:34:26","date_gmt":"2013-04-30T14:34:26","guid":{"rendered":"https:\/\/famindenit.com\/?page_id=849"},"modified":"2013-10-25T13:31:57","modified_gmt":"2013-10-25T11:31:57","slug":"order-the-wooden-carousel","status":"publish","type":"page","link":"https:\/\/famindenit.com\/en\/order-the-wooden-carousel\/","title":{"rendered":"Order the wooden carousel"},"content":{"rendered":"<p><span style=\"line-height: 1.714285714; font-size: 1rem;\">I recommend you consider the carousel which, although primarily for outdoor use, is easily erected and can even be enjoyed inside.<\/span><\/p>\n<p><a href=\"https:\/\/famindenit.com\/wp-content\/uploads\/2013\/04\/DSC04960.jpg\"><img loading=\"lazy\" decoding=\"async\" class=\"alignnone  wp-image-457\" alt=\"Czegle L\u00e1szl\u00f3 fak\u00f6rhint\u00e1ja\" src=\"https:\/\/famindenit.com\/wp-content\/uploads\/2013\/04\/DSC04960.jpg\" width=\"2048\" height=\"1536\" srcset=\"https:\/\/famindenit.com\/wp-content\/uploads\/2013\/04\/DSC04960.jpg 2048w, https:\/\/famindenit.com\/wp-content\/uploads\/2013\/04\/DSC04960-300x225.jpg 300w, https:\/\/famindenit.com\/wp-content\/uploads\/2013\/04\/DSC04960-1024x768.jpg 1024w, https:\/\/famindenit.com\/wp-content\/uploads\/2013\/04\/DSC04960-624x468.jpg 624w\" sizes=\"auto, (max-width: 2048px) 100vw, 2048px\" \/><\/a><\/p>\n<p>It can stand alone but is also excellent with other outdoor toys.<\/p>\n<h2>Why is it good for you?<\/h2>\n<ul>\n<li><span style=\"line-height: 1.714285714; font-size: 1rem;\">Its uniqueness continually assures a refreshing sight, and it provides an unforgettable experience for the very youngest.<\/span><\/li>\n<li><span style=\"line-height: 1.714285714; font-size: 1rem;\">It is a spectacular sight particularly for those festivals and events that are based on our traditions and customs. It is unknown to most foreign tourists visiting Hungary, though some say they have seen something similar.<\/span><\/li>\n<li><span style=\"line-height: 1.714285714; font-size: 1rem;\">It can be a constant programme from morning till night, also for events that run for several days.<\/span><\/li>\n<li><span style=\"line-height: 1.714285714; font-size: 1rem;\">It can be included as a free option to make your event more attractive to families with young children.<\/span><\/li>\n<li><span style=\"line-height: 1.714285714; font-size: 1rem;\">Its costs mean that relatively it is one of the most economic attractions in comparison with a much shorter programme or event as for the same price (or less) it provides a fun attraction for the whole day, weekend or week-long event.<\/span><\/li>\n<li><span style=\"line-height: 1.714285714; font-size: 1rem;\">When dismantled it can be pulled in a trailer by a car.<\/span><\/li>\n<li><span style=\"line-height: 1.714285714; font-size: 1rem;\">One person can build it so it is ready to use in less than one hour<\/span><\/li>\n<li><span style=\"line-height: 1.714285714; font-size: 1rem;\">In ideal conditions one person is enough to work it.<\/span><\/li>\n<\/ul>\n<h2>About my product<\/h2>\n<p>I designed and created this traditional carousel which has willow baskets and is driven by hand.<\/p>\n<p>The wooden carousel has the T\u00dcV-St\u00fcd safety permit that is valid throughout Europe. After purchase it can be used continually during the period of the permit validity. After the end of the validity period, you should extend the permit.<\/p>\n<p>You are responsible for operating it and ensuring qualified staff to run it. I will show you how to dismantle and reassemble it, and train your staff.<\/p>\nngg_shortcode_0_placeholder\n<p>It is worth limiting the period of use for children; I recommend 3-4 minutes and a maximum weight of 30 kg.<\/p>\n<p>The wooden carousel can have 4-5-6 branches. It works by hand or by cog and, if necessary, lighting can also be fitted.<\/p>\n<p>I recommend you site the carousel next to the children\u2019s programmes. A flat area, preferably on grass, with a diameter of 6-7 m is necessary.<\/p>\n<p>I am happy to answer any questions you may have. I will send a quote to parties who would like to buy one.<\/p>\n","protected":false},"excerpt":{"rendered":"<p>I recommend you consider the carousel which, although primarily for outdoor use, is easily erected and can even be enjoyed inside. It can stand alone but is also excellent with other outdoor toys. Why is it good for you? Its uniqueness continually assures a refreshing sight, and it provides an unforgettable experience for the very [&hellip;]<\/p>\n","protected":false},"author":2,"featured_media":0,"parent":0,"menu_order":0,"comment_status":"closed","ping_status":"closed","template":"","meta":{"ngg_post_thumbnail":0,"footnotes":""},"class_list":["post-849","page","type-page","status-publish","hentry"],"_links":{"self":[{"href":"https:\/\/famindenit.com\/en\/wp-json\/wp\/v2\/pages\/849","targetHints":{"allow":["GET"]}}],"collection":[{"href":"https:\/\/famindenit.com\/en\/wp-json\/wp\/v2\/pages"}],"about":[{"href":"https:\/\/famindenit.com\/en\/wp-json\/wp\/v2\/types\/page"}],"author":[{"embeddable":true,"href":"https:\/\/famindenit.com\/en\/wp-json\/wp\/v2\/users\/2"}],"replies":[{"embeddable":true,"href":"https:\/\/famindenit.com\/en\/wp-json\/wp\/v2\/comments?post=849"}],"version-history":[{"count":0,"href":"https:\/\/famindenit.com\/en\/wp-json\/wp\/v2\/pages\/849\/revisions"}],"wp:attachment":[{"href":"https:\/\/famindenit.com\/en\/wp-json\/wp\/v2\/media?parent=849"}],"curies":[{"name":"wp","href":"https:\/\/api.w.org\/{rel}","templated":true}]}}