{"id":839,"date":"2013-05-22T19:24:02","date_gmt":"2013-05-22T17:24:02","guid":{"rendered":"https:\/\/famindenit.com\/?page_id=839"},"modified":"2013-10-23T12:52:54","modified_gmt":"2013-10-23T10:52:54","slug":"workshop-photos","status":"publish","type":"page","link":"https:\/\/famindenit.com\/en\/workshop-photos\/","title":{"rendered":"Workshop photos"},"content":{"rendered":"<p><a href=\"https:\/\/famindenit.com\/wp-content\/uploads\/2013\/05\/czegle-laszlo-muhelyfoto-03.jpg\"><img loading=\"lazy\" decoding=\"async\" class=\"alignnone size-full wp-image-719\" alt=\"Czegle L\u00e1sz\u00f3 a m\u0171hely\u00e9ben\" src=\"https:\/\/famindenit.com\/wp-content\/uploads\/2013\/05\/czegle-laszlo-muhelyfoto-03.jpg\" width=\"1024\" height=\"768\" srcset=\"https:\/\/famindenit.com\/wp-content\/uploads\/2013\/05\/czegle-laszlo-muhelyfoto-03.jpg 1024w, https:\/\/famindenit.com\/wp-content\/uploads\/2013\/05\/czegle-laszlo-muhelyfoto-03-300x225.jpg 300w, https:\/\/famindenit.com\/wp-content\/uploads\/2013\/05\/czegle-laszlo-muhelyfoto-03-624x468.jpg 624w\" sizes=\"auto, (max-width: 1024px) 100vw, 1024px\" \/><\/a><\/p>\nngg_shortcode_0_placeholder\n","protected":false},"excerpt":{"rendered":"","protected":false},"author":2,"featured_media":0,"parent":0,"menu_order":0,"comment_status":"closed","ping_status":"closed","template":"","meta":{"ngg_post_thumbnail":0,"footnotes":""},"class_list":["post-839","page","type-page","status-publish","hentry"],"_links":{"self":[{"href":"https:\/\/famindenit.com\/en\/wp-json\/wp\/v2\/pages\/839","targetHints":{"allow":["GET"]}}],"collection":[{"href":"https:\/\/famindenit.com\/en\/wp-json\/wp\/v2\/pages"}],"about":[{"href":"https:\/\/famindenit.com\/en\/wp-json\/wp\/v2\/types\/page"}],"author":[{"embeddable":true,"href":"https:\/\/famindenit.com\/en\/wp-json\/wp\/v2\/users\/2"}],"replies":[{"embeddable":true,"href":"https:\/\/famindenit.com\/en\/wp-json\/wp\/v2\/comments?post=839"}],"version-history":[{"count":0,"href":"https:\/\/famindenit.com\/en\/wp-json\/wp\/v2\/pages\/839\/revisions"}],"wp:attachment":[{"href":"https:\/\/famindenit.com\/en\/wp-json\/wp\/v2\/media?parent=839"}],"curies":[{"name":"wp","href":"https:\/\/api.w.org\/{rel}","templated":true}]}}