{"id":836,"date":"2013-05-22T19:21:42","date_gmt":"2013-05-22T17:21:42","guid":{"rendered":"https:\/\/famindenit.com\/?page_id=836"},"modified":"2013-10-24T19:23:48","modified_gmt":"2013-10-24T17:23:48","slug":"stall-photos","status":"publish","type":"page","link":"https:\/\/famindenit.com\/en\/stall-photos\/","title":{"rendered":"Stall photos"},"content":{"rendered":"<p><a href=\"https:\/\/famindenit.com\/wp-content\/uploads\/2013\/03\/fajatekok-czegle-laszlo-stand.jpg\"><img loading=\"lazy\" decoding=\"async\" class=\"alignnone  wp-image-781\" title=\"Faj\u00e1t\u00e9kok Czegle L\u00e1szl\u00f3\" alt=\"Faj\u00e1t\u00e9kok Czegle L\u00e1szl\u00f3\" src=\"https:\/\/famindenit.com\/wp-content\/uploads\/2013\/03\/fajatekok-czegle-laszlo-stand.jpg\" width=\"960\" height=\"524\" srcset=\"https:\/\/famindenit.com\/wp-content\/uploads\/2013\/03\/fajatekok-czegle-laszlo-stand.jpg 960w, https:\/\/famindenit.com\/wp-content\/uploads\/2013\/03\/fajatekok-czegle-laszlo-stand-300x163.jpg 300w, https:\/\/famindenit.com\/wp-content\/uploads\/2013\/03\/fajatekok-czegle-laszlo-stand-624x340.jpg 624w\" sizes=\"auto, (max-width: 960px) 100vw, 960px\" \/><\/a><\/p>\nngg_shortcode_0_placeholder\n<h2>The Stand in 3D<\/h2>\n<p>Click on the photo below to see the stand in 3D.<\/p>\n<p><a href=\"http:\/\/3dvalosagvilag.hu\/rendezveny\/szeged\/rendezveny-2010\/hidivasar-2010-r20268961.7406.html\" target=\"_blank\" rel=\"noopener\"><img loading=\"lazy\" decoding=\"async\" class=\"alignnone  wp-image-789\" alt=\"H\u00eddiv\u00e1s\u00e1r 2010\" src=\"https:\/\/famindenit.com\/wp-content\/uploads\/2013\/05\/stand-3d.jpg\" width=\"960\" height=\"600\" srcset=\"https:\/\/famindenit.com\/wp-content\/uploads\/2013\/05\/stand-3d.jpg 960w, https:\/\/famindenit.com\/wp-content\/uploads\/2013\/05\/stand-3d-300x187.jpg 300w, https:\/\/famindenit.com\/wp-content\/uploads\/2013\/05\/stand-3d-624x390.jpg 624w\" sizes=\"auto, (max-width: 960px) 100vw, 960px\" \/><\/a><\/p>\n","protected":false},"excerpt":{"rendered":"<p>The Stand in 3D Click on the photo below to see the stand in 3D.<\/p>\n","protected":false},"author":2,"featured_media":0,"parent":0,"menu_order":0,"comment_status":"closed","ping_status":"closed","template":"","meta":{"ngg_post_thumbnail":0,"footnotes":""},"class_list":["post-836","page","type-page","status-publish","hentry"],"_links":{"self":[{"href":"https:\/\/famindenit.com\/en\/wp-json\/wp\/v2\/pages\/836","targetHints":{"allow":["GET"]}}],"collection":[{"href":"https:\/\/famindenit.com\/en\/wp-json\/wp\/v2\/pages"}],"about":[{"href":"https:\/\/famindenit.com\/en\/wp-json\/wp\/v2\/types\/page"}],"author":[{"embeddable":true,"href":"https:\/\/famindenit.com\/en\/wp-json\/wp\/v2\/users\/2"}],"replies":[{"embeddable":true,"href":"https:\/\/famindenit.com\/en\/wp-json\/wp\/v2\/comments?post=836"}],"version-history":[{"count":0,"href":"https:\/\/famindenit.com\/en\/wp-json\/wp\/v2\/pages\/836\/revisions"}],"wp:attachment":[{"href":"https:\/\/famindenit.com\/en\/wp-json\/wp\/v2\/media?parent=836"}],"curies":[{"name":"wp","href":"https:\/\/api.w.org\/{rel}","templated":true}]}}